{"id":170,"date":"2021-04-27T15:12:04","date_gmt":"2021-04-27T15:12:04","guid":{"rendered":"http:\/\/jscaife.ca\/?page_id=170"},"modified":"2021-05-25T15:09:04","modified_gmt":"2021-05-25T15:09:04","slug":"web-2","status":"publish","type":"page","link":"http:\/\/jscaife.ca\/index.php\/fr\/web-2\/","title":{"rendered":"Web"},"content":{"rendered":"\n<p>Ci-dessous sont quelques sites web de projets et de clients construits sur une vari\u00e9t\u00e9 de plateformes et de m\u00e9thodes, principalement cod\u00e9s \u00e0 la main ou utilisant Bootstrap.<\/p>\n\n\n\n<hr class=\"wp-block-separator has-text-color has-background has-white-background-color has-white-color is-style-default\"\/>\n\n\n\n<hr class=\"wp-block-separator has-text-color has-background is-style-default\" style=\"background-color:#f02e90;color:#f02e90\"\/>\n\n\n\n<hr class=\"wp-block-separator has-text-color has-background has-white-background-color has-white-color is-style-default\"\/>\n\n\n\n<h2 class=\"has-text-color\" style=\"color:#f02e90\"><strong>Qonxept Communications Inc. <\/strong><\/h2>\n\n\n\n<p>Un site client utilisant Bootstrap. Un site \u00e0 d\u00e9filement d&#8217;une page avec d\u00e9filement anim\u00e9, liens de saut.<\/p>\n\n\n\n<figure class=\"wp-block-image size-large\"><img loading=\"lazy\" width=\"1024\" height=\"513\" src=\"http:\/\/jscaife.ca\/wp-content\/uploads\/2021\/05\/web_screenshot_Qonxept-1-1024x513.png\" alt=\"Qonxept Communications Inc. website\" class=\"wp-image-321\" srcset=\"http:\/\/jscaife.ca\/wp-content\/uploads\/2021\/05\/web_screenshot_Qonxept-1-1024x513.png 1024w, http:\/\/jscaife.ca\/wp-content\/uploads\/2021\/05\/web_screenshot_Qonxept-1-300x150.png 300w, http:\/\/jscaife.ca\/wp-content\/uploads\/2021\/05\/web_screenshot_Qonxept-1-768x385.png 768w, http:\/\/jscaife.ca\/wp-content\/uploads\/2021\/05\/web_screenshot_Qonxept-1-1536x770.png 1536w, http:\/\/jscaife.ca\/wp-content\/uploads\/2021\/05\/web_screenshot_Qonxept-1-2048x1027.png 2048w, http:\/\/jscaife.ca\/wp-content\/uploads\/2021\/05\/web_screenshot_Qonxept-1-1270x637.png 1270w\" sizes=\"(max-width: 1024px) 100vw, 1024px\" \/><\/figure>\n\n\n\n<h2 class=\"has-text-color\" style=\"color:#f02e90\"><br><strong>SBDC Montr\u00e9al<\/strong><\/h2>\n\n\n\n<p>Une site web d&#8217;une compagnie de danse, que je contribue \u00e0 mettre \u00e0 jour et \u00e0 maintenir en utilisant SquareSpace &#8211; dont je suis une membre actuelle de la compagnie !<\/p>\n\n\n\n<figure class=\"wp-block-image size-large\"><img loading=\"lazy\" width=\"1024\" height=\"511\" src=\"http:\/\/jscaife.ca\/wp-content\/uploads\/2021\/05\/web_screenshot_SBDC-1024x511.png\" alt=\"SBDC website homepage\" class=\"wp-image-255\" srcset=\"http:\/\/jscaife.ca\/wp-content\/uploads\/2021\/05\/web_screenshot_SBDC-1024x511.png 1024w, http:\/\/jscaife.ca\/wp-content\/uploads\/2021\/05\/web_screenshot_SBDC-300x150.png 300w, http:\/\/jscaife.ca\/wp-content\/uploads\/2021\/05\/web_screenshot_SBDC-768x384.png 768w, http:\/\/jscaife.ca\/wp-content\/uploads\/2021\/05\/web_screenshot_SBDC-1536x767.png 1536w, http:\/\/jscaife.ca\/wp-content\/uploads\/2021\/05\/web_screenshot_SBDC-2048x1023.png 2048w, http:\/\/jscaife.ca\/wp-content\/uploads\/2021\/05\/web_screenshot_SBDC-1270x634.png 1270w\" sizes=\"(max-width: 1024px) 100vw, 1024px\" \/><\/figure>\n\n\n\n<h2 class=\"has-text-color\" style=\"color:#f02e90\"><br><strong>RJN Photos<\/strong><\/h2>\n\n\n\n<p>Un site personnel utilisant Bootstrap. Un site \u00e0 d\u00e9filement d&#8217;une page explorant diff\u00e9rentes mises en page.<\/p>\n\n\n\n<figure class=\"wp-block-image size-large\"><a href=\"http:\/\/rjnphotos.jscaife.ca\/\"><img loading=\"lazy\" width=\"1024\" height=\"550\" src=\"http:\/\/jscaife.ca\/wp-content\/uploads\/2021\/04\/web_screenshot_rjn-1024x550.png\" alt=\"RJN Photos website screengrab\" class=\"wp-image-163\" srcset=\"http:\/\/jscaife.ca\/wp-content\/uploads\/2021\/04\/web_screenshot_rjn-1024x550.png 1024w, http:\/\/jscaife.ca\/wp-content\/uploads\/2021\/04\/web_screenshot_rjn-300x161.png 300w, http:\/\/jscaife.ca\/wp-content\/uploads\/2021\/04\/web_screenshot_rjn-768x413.png 768w, http:\/\/jscaife.ca\/wp-content\/uploads\/2021\/04\/web_screenshot_rjn-1536x826.png 1536w, http:\/\/jscaife.ca\/wp-content\/uploads\/2021\/04\/web_screenshot_rjn-2048x1101.png 2048w, http:\/\/jscaife.ca\/wp-content\/uploads\/2021\/04\/web_screenshot_rjn-1270x683.png 1270w\" sizes=\"(max-width: 1024px) 100vw, 1024px\" \/><\/a><\/figure>\n\n\n\n<h2 class=\"has-text-color\" style=\"color:#f02e90\"><br><strong>J&#8217;aime Cr\u00e9ations<\/strong><\/h2>\n\n\n\n<p>Un site personnel cod\u00e9 \u00e0 la main pour ma propre enterprise. Un site bilingue de 5 pages explorant diff\u00e9rents types de formulaires.<\/p>\n\n\n\n<figure class=\"wp-block-image size-large\"><a href=\"http:\/\/jaimecreations.com\/\"><img loading=\"lazy\" width=\"1024\" height=\"495\" src=\"http:\/\/jscaife.ca\/wp-content\/uploads\/2021\/04\/web_screenshot_Jaime-1024x495.png\" alt=\"J'aime Creations website screenshot\" class=\"wp-image-165\" srcset=\"http:\/\/jscaife.ca\/wp-content\/uploads\/2021\/04\/web_screenshot_Jaime-1024x495.png 1024w, http:\/\/jscaife.ca\/wp-content\/uploads\/2021\/04\/web_screenshot_Jaime-300x145.png 300w, http:\/\/jscaife.ca\/wp-content\/uploads\/2021\/04\/web_screenshot_Jaime-768x371.png 768w, http:\/\/jscaife.ca\/wp-content\/uploads\/2021\/04\/web_screenshot_Jaime-1536x742.png 1536w, http:\/\/jscaife.ca\/wp-content\/uploads\/2021\/04\/web_screenshot_Jaime-2048x990.png 2048w, http:\/\/jscaife.ca\/wp-content\/uploads\/2021\/04\/web_screenshot_Jaime-1270x614.png 1270w\" sizes=\"(max-width: 1024px) 100vw, 1024px\" \/><\/a><\/figure>\n\n\n\n<h2 class=\"has-text-color\" style=\"color:#f02e90\"><br><strong>El Taco Laco<\/strong><\/h2>\n\n\n\n<p><meta charset=\"utf-8\">Un site personnel cod\u00e9 \u00e0 la main. Un site de 5 pages, bilingue, explorant la r\u00e9activit\u00e9 sur plusieurs types d&#8217;appareils.<\/p>\n\n\n\n<figure class=\"wp-block-image size-large\"><img loading=\"lazy\" width=\"1024\" height=\"517\" src=\"http:\/\/jscaife.ca\/wp-content\/uploads\/2021\/04\/Screen-Shot-2021-04-29-at-9.36.09-AM-1024x517.png\" alt=\"El Taco Loco website screenshot\" class=\"wp-image-247\" srcset=\"http:\/\/jscaife.ca\/wp-content\/uploads\/2021\/04\/Screen-Shot-2021-04-29-at-9.36.09-AM-1024x517.png 1024w, http:\/\/jscaife.ca\/wp-content\/uploads\/2021\/04\/Screen-Shot-2021-04-29-at-9.36.09-AM-300x151.png 300w, http:\/\/jscaife.ca\/wp-content\/uploads\/2021\/04\/Screen-Shot-2021-04-29-at-9.36.09-AM-768x388.png 768w, http:\/\/jscaife.ca\/wp-content\/uploads\/2021\/04\/Screen-Shot-2021-04-29-at-9.36.09-AM-1536x775.png 1536w, http:\/\/jscaife.ca\/wp-content\/uploads\/2021\/04\/Screen-Shot-2021-04-29-at-9.36.09-AM-2048x1034.png 2048w, http:\/\/jscaife.ca\/wp-content\/uploads\/2021\/04\/Screen-Shot-2021-04-29-at-9.36.09-AM-1270x641.png 1270w\" sizes=\"(max-width: 1024px) 100vw, 1024px\" \/><\/figure>\n","protected":false},"excerpt":{"rendered":"<p>Ci-dessous sont quelques sites web de projets et de clients construits sur une vari\u00e9t\u00e9 de plateformes et de m\u00e9thodes, principalement cod\u00e9s \u00e0 la main ou utilisant Bootstrap. Qonxept Communications Inc. Un site client utilisant Bootstrap. Un site \u00e0 d\u00e9filement d&#8217;une page avec d\u00e9filement anim\u00e9, liens de saut. SBDC Montr\u00e9al Une site web d&#8217;une compagnie de danse, que je contribue \u00e0 mettre \u00e0 jour et \u00e0 maintenir en utilisant SquareSpace &#8211; dont je suis une membre actuelle de la compagnie ! RJN Photos Un site personnel utilisant Bootstrap. Un site \u00e0 d\u00e9filement d&#8217;une page explorant diff\u00e9rentes mises en page. J&#8217;aime Cr\u00e9ations [&hellip;]<\/p>\n","protected":false},"author":1,"featured_media":0,"parent":0,"menu_order":0,"comment_status":"closed","ping_status":"closed","template":"","meta":{"_monsterinsights_skip_tracking":false,"_monsterinsights_sitenote_active":false,"_monsterinsights_sitenote_note":"","_monsterinsights_sitenote_category":0,"spay_email":""},"aioseo_notices":[],"_links":{"self":[{"href":"http:\/\/jscaife.ca\/index.php\/wp-json\/wp\/v2\/pages\/170"}],"collection":[{"href":"http:\/\/jscaife.ca\/index.php\/wp-json\/wp\/v2\/pages"}],"about":[{"href":"http:\/\/jscaife.ca\/index.php\/wp-json\/wp\/v2\/types\/page"}],"author":[{"embeddable":true,"href":"http:\/\/jscaife.ca\/index.php\/wp-json\/wp\/v2\/users\/1"}],"replies":[{"embeddable":true,"href":"http:\/\/jscaife.ca\/index.php\/wp-json\/wp\/v2\/comments?post=170"}],"version-history":[{"count":11,"href":"http:\/\/jscaife.ca\/index.php\/wp-json\/wp\/v2\/pages\/170\/revisions"}],"predecessor-version":[{"id":323,"href":"http:\/\/jscaife.ca\/index.php\/wp-json\/wp\/v2\/pages\/170\/revisions\/323"}],"wp:attachment":[{"href":"http:\/\/jscaife.ca\/index.php\/wp-json\/wp\/v2\/media?parent=170"}],"curies":[{"name":"wp","href":"https:\/\/api.w.org\/{rel}","templated":true}]}}