{"id":83,"date":"2021-04-25T21:24:54","date_gmt":"2021-04-25T21:24:54","guid":{"rendered":"http:\/\/jscaife.ca\/?page_id=83"},"modified":"2021-05-25T16:28:42","modified_gmt":"2021-05-25T16:28:42","slug":"resume","status":"publish","type":"page","link":"http:\/\/jscaife.ca\/index.php\/fr\/resume\/","title":{"rendered":"Resum\u00e9"},"content":{"rendered":"\n<p class=\"has-text-color has-large-font-size\" style=\"color:#ed0e6b\">Jaime Scaife<\/p>\n\n\n\n<p style=\"font-size:15.5px\">Travailleuse acharn\u00e9e avec un fort d\u00e9sir de r\u00e9ussir. Si je n&#8217;ai pas les r\u00e9ponses, je les trouverai. <\/p>\n\n\n\n<p style=\"font-size:15.5px\">Excellentes capacit\u00e9s d&#8217;organisation dans la vie professionnelle et personnelle, avec le souci du d\u00e9tail.<\/p>\n\n\n\n<p style=\"font-size:15.5px\">Nouvelle passion pour la photographie. Exp\u00e9rience avec les maquettes de produits .psd. Cr\u00e9\u00e9 et con\u00e7u des cartes de v\u0153ux, des calendriers, des brochures \u00e0 trois volets, des cartes d&#8217;affaires, des affiches pour l&#8217;impression, des signes de mariage, des autocollants. Conception d&#8217;annonces digitales, de promotions, de campagnes de m\u00e9dias sociaux. Contribution importante \u00e0 un changement de marque de Holiday Inn \u00e0 Best Western dans un d\u00e9lai record. Conception et production de plusieurs sites web diff\u00e9rents.<\/p>\n\n\n\n<p style=\"font-size:15.5px\">Je travaille actuellement en tant que freelance\/consultante ind\u00e9pendante sur un certain nombre de projets.<\/p>\n\n\n\n<div style=\"height:20px\" aria-hidden=\"true\" class=\"wp-block-spacer\"><\/div>\n\n\n\n<h3 class=\"has-text-color\" style=\"color:#ed0e6b\">Exp\u00e9rience professionnelle<\/h3>\n\n\n\n<p style=\"font-size:15.5px\"><small>2020 \u2013 PR\u00c9SENT<\/small><br><strong>Freelance\/Consultante<br><\/strong>Cr\u00e9ation du site Web d&#8217;un client, d&#8217;une brochure trois volets et d&#8217;autres supports de vente<br>Cr\u00e9ation de la marque d&#8217;une entreprise ; logo, autocollants, guide de style de la marque, papeterie, site web<br>Conceptualisation et cr\u00e9ation d&#8217;une marque personnelle \u00e0 usage professionnel<br>Impression digitales pour un certain nombre de projets diff\u00e9rents&nbsp;<\/p>\n\n\n\n<div style=\"height:10px\" aria-hidden=\"true\" class=\"wp-block-spacer\"><\/div>\n\n\n\n<p style=\"font-size:15.5px\"><small>2016 \u2013 PR\u00c9SENT<\/small><br><strong>Compagnie de danse Sonia Balazovjech (SBDC)<\/strong><br>Aider \u00e0 la gestion de projets sur des productions et des \u00e9v\u00e9nements<br>Contribuer au d\u00e9veloppement organisationnel<br>Maintenir et mettre \u00e0 jour le site web Squarespace<br>Mes photographies originales sont pr\u00e9sent\u00e9es sur le site Web et les m\u00e9dias sociaux<br>Faire du b\u00e9n\u00e9volat en tant que danseuse\/membre<\/p>\n\n\n\n<div style=\"height:10px\" aria-hidden=\"true\" class=\"wp-block-spacer\"><\/div>\n\n\n\n<p style=\"font-size:15.5px\"><small>2013 \u2013 PR\u00c9SENT<\/small><br><strong>Holiday Inn \/ Best Western Montreal Airport<\/strong><br>D\u00e9but en tant que coordonnatrice des ventes, 2 ans<br>Promu au poste de d\u00e9l\u00e9gu\u00e9e commerciale groupes, 4 ans<br>Promu au poste de directrice assistante des ventes en 2019<br>A largement contribu\u00e9 au changement de marque en 2019<br>Mise \u00e0 jour des fiches d&#8217;information sur la base du guide standard de la marque<br>Conception de banni\u00e8res et d&#8217;autres supports promotionnels<br>Cr\u00e9ation de signatures des courriels conformes \u00e0 la marque pour le personnel de direction<br><\/p>\n\n\n\n<div style=\"height:20px\" aria-hidden=\"true\" class=\"wp-block-spacer\"><\/div>\n\n\n\n<h3 class=\"has-text-color\" style=\"color:#ed0e6b\">\u00c9ducation<\/h3>\n\n\n\n<p style=\"font-size:15.5px\"><strong>AEC, Graphic &amp; Web Design<\/strong><br><em>C\u00e9gep John Abbott<\/em><br><em>2020 &#8211; <\/em>pr\u00e9sent<\/p>\n\n\n\n<p style=\"font-size:15.5px\"><strong>Baccalaur\u00e9at en Commerce, Marketing<br><\/strong><em>John Molson School of Business<\/em><br><em>2007 &#8211; 2012<\/em><\/p>\n","protected":false},"excerpt":{"rendered":"<p>Jaime Scaife Travailleuse acharn\u00e9e avec un fort d\u00e9sir de r\u00e9ussir. Si je n&#8217;ai pas les r\u00e9ponses, je les trouverai. Excellentes capacit\u00e9s d&#8217;organisation dans la vie professionnelle et personnelle, avec le souci du d\u00e9tail. Nouvelle passion pour la photographie. Exp\u00e9rience avec les maquettes de produits .psd. Cr\u00e9\u00e9 et con\u00e7u des cartes de v\u0153ux, des calendriers, des brochures \u00e0 trois volets, des cartes d&#8217;affaires, des affiches pour l&#8217;impression, des signes de mariage, des autocollants. Conception d&#8217;annonces digitales, de promotions, de campagnes de m\u00e9dias sociaux. Contribution importante \u00e0 un changement de marque de Holiday Inn \u00e0 Best Western dans un d\u00e9lai record. Conception [&hellip;]<\/p>\n","protected":false},"author":1,"featured_media":0,"parent":0,"menu_order":0,"comment_status":"closed","ping_status":"closed","template":"","meta":{"_monsterinsights_skip_tracking":false,"_monsterinsights_sitenote_active":false,"_monsterinsights_sitenote_note":"","_monsterinsights_sitenote_category":0,"spay_email":""},"aioseo_notices":[],"_links":{"self":[{"href":"http:\/\/jscaife.ca\/index.php\/wp-json\/wp\/v2\/pages\/83"}],"collection":[{"href":"http:\/\/jscaife.ca\/index.php\/wp-json\/wp\/v2\/pages"}],"about":[{"href":"http:\/\/jscaife.ca\/index.php\/wp-json\/wp\/v2\/types\/page"}],"author":[{"embeddable":true,"href":"http:\/\/jscaife.ca\/index.php\/wp-json\/wp\/v2\/users\/1"}],"replies":[{"embeddable":true,"href":"http:\/\/jscaife.ca\/index.php\/wp-json\/wp\/v2\/comments?post=83"}],"version-history":[{"count":11,"href":"http:\/\/jscaife.ca\/index.php\/wp-json\/wp\/v2\/pages\/83\/revisions"}],"predecessor-version":[{"id":332,"href":"http:\/\/jscaife.ca\/index.php\/wp-json\/wp\/v2\/pages\/83\/revisions\/332"}],"wp:attachment":[{"href":"http:\/\/jscaife.ca\/index.php\/wp-json\/wp\/v2\/media?parent=83"}],"curies":[{"name":"wp","href":"https:\/\/api.w.org\/{rel}","templated":true}]}}